{"id":9952,"date":"2025-04-14T21:20:36","date_gmt":"2025-04-15T00:20:36","guid":{"rendered":"https:\/\/nahuelproducciones.com.ar\/radioquijano\/?page_id=9952"},"modified":"2025-04-14T21:20:37","modified_gmt":"2025-04-15T00:20:37","slug":"ya-se-puede-consultar-el-padron-electoral-para-las-elecciones-legislativas-del-11-de-mayo","status":"publish","type":"page","link":"https:\/\/nahuelproducciones.com.ar\/radioquijano\/ya-se-puede-consultar-el-padron-electoral-para-las-elecciones-legislativas-del-11-de-mayo\/","title":{"rendered":"Ya se puede consultar el padr\u00f3n electoral para las elecciones legislativas del 11 de mayo"},"content":{"rendered":"\n<p>Desde este lunes, los salte\u00f1os pueden consultar el padr\u00f3n electoral para conocer el lugar donde deber\u00e1n emitir su voto en las pr\u00f3ximas elecciones legislativas provinciales, que se celebrar\u00e1n el <strong>11 de mayo<\/strong>.<\/p>\n\n\n\n<p>La consulta est\u00e1 habilitada desde cualquier dispositivo con acceso a internet, lo que permite a la ciudadan\u00eda conocer con anticipaci\u00f3n el establecimiento y la mesa donde deber\u00e1 sufragar. <\/p>\n\n\n\n<p>Esta herramienta busca facilitar el proceso electoral y evitar confusiones el d\u00eda de la votaci\u00f3n.<\/p>\n\n\n\n<p>Para realizar la consulta, los interesados deben ingresar al sitio oficial del Tribunal Electoral de la Provincia de Salta https:\/\/<strong>www.electoralsalta.gov.ar\/electores\/consulta-lugar-votacion<\/strong> e introducir su n\u00famero de documento y un c\u00f3digo de validaci\u00f3n.<\/p>\n\n\n\n<p>Estas elecciones ser\u00e1n clave para la renovaci\u00f3n de cargos legislativos en la provincia, y se espera una participaci\u00f3n activa del electorado.<\/p>\n","protected":false},"excerpt":{"rendered":"<p>Desde este lunes, los salte\u00f1os pueden consultar el padr\u00f3n electoral para conocer el lugar donde deber\u00e1n emitir su voto en las pr\u00f3ximas elecciones legislativas provinciales, que se celebrar\u00e1n el 11 de mayo. La consulta est\u00e1 habilitada desde cualquier dispositivo con acceso a internet, lo que permite a la ciudadan\u00eda conocer con anticipaci\u00f3n el establecimiento y [&hellip;]<\/p>\n","protected":false},"author":8,"featured_media":9953,"parent":0,"menu_order":0,"comment_status":"closed","ping_status":"closed","template":"","meta":{"_monsterinsights_skip_tracking":false,"_monsterinsights_sitenote_active":false,"_monsterinsights_sitenote_note":"","_monsterinsights_sitenote_category":0,"footnotes":""},"class_list":["post-9952","page","type-page","status-publish","has-post-thumbnail","hentry"],"yoast_head":"<!-- This site is optimized with the Yoast SEO plugin v20.8 - https:\/\/yoast.com\/wordpress\/plugins\/seo\/ -->\n<title>Ya se puede consultar el padr\u00f3n electoral para las elecciones legislativas del 11 de mayo - RQ 99.9<\/title>\n<meta name=\"description\" content=\"Estas elecciones ser\u00e1n clave para la renovaci\u00f3n de cargos legislativos en la provincia, y se espera una participaci\u00f3n activa del electorado.\" \/>\n<meta name=\"robots\" content=\"index, follow, max-snippet:-1, max-image-preview:large, max-video-preview:-1\" \/>\n<link rel=\"canonical\" href=\"https:\/\/nahuelproducciones.com.ar\/radioquijano\/ya-se-puede-consultar-el-padron-electoral-para-las-elecciones-legislativas-del-11-de-mayo\/\" \/>\n<meta property=\"og:locale\" content=\"es_ES\" \/>\n<meta property=\"og:type\" content=\"article\" \/>\n<meta property=\"og:title\" content=\"Ya se puede consultar el padr\u00f3n electoral para las elecciones legislativas del 11 de mayo - RQ 99.9\" \/>\n<meta property=\"og:description\" content=\"Estas elecciones ser\u00e1n clave para la renovaci\u00f3n de cargos legislativos en la provincia, y se espera una participaci\u00f3n activa del electorado.\" \/>\n<meta property=\"og:url\" content=\"https:\/\/nahuelproducciones.com.ar\/radioquijano\/ya-se-puede-consultar-el-padron-electoral-para-las-elecciones-legislativas-del-11-de-mayo\/\" \/>\n<meta property=\"og:site_name\" content=\"RQ 99.9\" \/>\n<meta property=\"article:publisher\" content=\"https:\/\/www.facebook.com\/nahuelproducciones999\/\" \/>\n<meta property=\"article:modified_time\" content=\"2025-04-15T00:20:37+00:00\" \/>\n<meta property=\"og:image\" content=\"https:\/\/nahuelproducciones.com.ar\/radioquijano\/wp-content\/uploads\/2025\/04\/489987276_982925930693204_2786677460055247351_n-e1744676406744.jpg\" \/>\n\t<meta property=\"og:image:width\" content=\"700\" \/>\n\t<meta property=\"og:image:height\" content=\"700\" \/>\n\t<meta property=\"og:image:type\" content=\"image\/jpeg\" \/>\n<meta name=\"twitter:card\" content=\"summary_large_image\" \/>\n<meta name=\"twitter:site\" content=\"@nahuproduciones\" \/>\n<meta name=\"twitter:label1\" content=\"Tiempo de lectura\" \/>\n\t<meta name=\"twitter:data1\" content=\"1 minuto\" \/>\n<script type=\"application\/ld+json\" class=\"yoast-schema-graph\">{\"@context\":\"https:\/\/schema.org\",\"@graph\":[{\"@type\":\"WebPage\",\"@id\":\"https:\/\/nahuelproducciones.com.ar\/radioquijano\/ya-se-puede-consultar-el-padron-electoral-para-las-elecciones-legislativas-del-11-de-mayo\/\",\"url\":\"https:\/\/nahuelproducciones.com.ar\/radioquijano\/ya-se-puede-consultar-el-padron-electoral-para-las-elecciones-legislativas-del-11-de-mayo\/\",\"name\":\"Ya se puede consultar el padr\u00f3n electoral para las elecciones legislativas del 11 de mayo - RQ 99.9\",\"isPartOf\":{\"@id\":\"https:\/\/nahuelproducciones.com.ar\/radioquijano\/#website\"},\"datePublished\":\"2025-04-15T00:20:36+00:00\",\"dateModified\":\"2025-04-15T00:20:37+00:00\",\"description\":\"Estas elecciones ser\u00e1n clave para la renovaci\u00f3n de cargos legislativos en la provincia, y se espera una participaci\u00f3n activa del electorado.\",\"breadcrumb\":{\"@id\":\"https:\/\/nahuelproducciones.com.ar\/radioquijano\/ya-se-puede-consultar-el-padron-electoral-para-las-elecciones-legislativas-del-11-de-mayo\/#breadcrumb\"},\"inLanguage\":\"es\",\"potentialAction\":[{\"@type\":\"ReadAction\",\"target\":[\"https:\/\/nahuelproducciones.com.ar\/radioquijano\/ya-se-puede-consultar-el-padron-electoral-para-las-elecciones-legislativas-del-11-de-mayo\/\"]}]},{\"@type\":\"BreadcrumbList\",\"@id\":\"https:\/\/nahuelproducciones.com.ar\/radioquijano\/ya-se-puede-consultar-el-padron-electoral-para-las-elecciones-legislativas-del-11-de-mayo\/#breadcrumb\",\"itemListElement\":[{\"@type\":\"ListItem\",\"position\":1,\"name\":\"Portada\",\"item\":\"https:\/\/nahuelproducciones.com.ar\/radioquijano\/\"},{\"@type\":\"ListItem\",\"position\":2,\"name\":\"Ya se puede consultar el padr\u00f3n electoral para las elecciones legislativas del 11 de mayo\"}]},{\"@type\":\"WebSite\",\"@id\":\"https:\/\/nahuelproducciones.com.ar\/radioquijano\/#website\",\"url\":\"https:\/\/nahuelproducciones.com.ar\/radioquijano\/\",\"name\":\"RQ 99.9\",\"description\":\"Radio Quijano 99.9 MHz\",\"potentialAction\":[{\"@type\":\"SearchAction\",\"target\":{\"@type\":\"EntryPoint\",\"urlTemplate\":\"https:\/\/nahuelproducciones.com.ar\/radioquijano\/?s={search_term_string}\"},\"query-input\":\"required name=search_term_string\"}],\"inLanguage\":\"es\"}]}<\/script>\n<!-- \/ Yoast SEO plugin. -->","yoast_head_json":{"title":"Ya se puede consultar el padr\u00f3n electoral para las elecciones legislativas del 11 de mayo - RQ 99.9","description":"Estas elecciones ser\u00e1n clave para la renovaci\u00f3n de cargos legislativos en la provincia, y se espera una participaci\u00f3n activa del electorado.","robots":{"index":"index","follow":"follow","max-snippet":"max-snippet:-1","max-image-preview":"max-image-preview:large","max-video-preview":"max-video-preview:-1"},"canonical":"https:\/\/nahuelproducciones.com.ar\/radioquijano\/ya-se-puede-consultar-el-padron-electoral-para-las-elecciones-legislativas-del-11-de-mayo\/","og_locale":"es_ES","og_type":"article","og_title":"Ya se puede consultar el padr\u00f3n electoral para las elecciones legislativas del 11 de mayo - RQ 99.9","og_description":"Estas elecciones ser\u00e1n clave para la renovaci\u00f3n de cargos legislativos en la provincia, y se espera una participaci\u00f3n activa del electorado.","og_url":"https:\/\/nahuelproducciones.com.ar\/radioquijano\/ya-se-puede-consultar-el-padron-electoral-para-las-elecciones-legislativas-del-11-de-mayo\/","og_site_name":"RQ 99.9","article_publisher":"https:\/\/www.facebook.com\/nahuelproducciones999\/","article_modified_time":"2025-04-15T00:20:37+00:00","og_image":[{"width":700,"height":700,"url":"https:\/\/nahuelproducciones.com.ar\/radioquijano\/wp-content\/uploads\/2025\/04\/489987276_982925930693204_2786677460055247351_n-e1744676406744.jpg","type":"image\/jpeg"}],"twitter_card":"summary_large_image","twitter_site":"@nahuproduciones","twitter_misc":{"Tiempo de lectura":"1 minuto"},"schema":{"@context":"https:\/\/schema.org","@graph":[{"@type":"WebPage","@id":"https:\/\/nahuelproducciones.com.ar\/radioquijano\/ya-se-puede-consultar-el-padron-electoral-para-las-elecciones-legislativas-del-11-de-mayo\/","url":"https:\/\/nahuelproducciones.com.ar\/radioquijano\/ya-se-puede-consultar-el-padron-electoral-para-las-elecciones-legislativas-del-11-de-mayo\/","name":"Ya se puede consultar el padr\u00f3n electoral para las elecciones legislativas del 11 de mayo - RQ 99.9","isPartOf":{"@id":"https:\/\/nahuelproducciones.com.ar\/radioquijano\/#website"},"datePublished":"2025-04-15T00:20:36+00:00","dateModified":"2025-04-15T00:20:37+00:00","description":"Estas elecciones ser\u00e1n clave para la renovaci\u00f3n de cargos legislativos en la provincia, y se espera una participaci\u00f3n activa del electorado.","breadcrumb":{"@id":"https:\/\/nahuelproducciones.com.ar\/radioquijano\/ya-se-puede-consultar-el-padron-electoral-para-las-elecciones-legislativas-del-11-de-mayo\/#breadcrumb"},"inLanguage":"es","potentialAction":[{"@type":"ReadAction","target":["https:\/\/nahuelproducciones.com.ar\/radioquijano\/ya-se-puede-consultar-el-padron-electoral-para-las-elecciones-legislativas-del-11-de-mayo\/"]}]},{"@type":"BreadcrumbList","@id":"https:\/\/nahuelproducciones.com.ar\/radioquijano\/ya-se-puede-consultar-el-padron-electoral-para-las-elecciones-legislativas-del-11-de-mayo\/#breadcrumb","itemListElement":[{"@type":"ListItem","position":1,"name":"Portada","item":"https:\/\/nahuelproducciones.com.ar\/radioquijano\/"},{"@type":"ListItem","position":2,"name":"Ya se puede consultar el padr\u00f3n electoral para las elecciones legislativas del 11 de mayo"}]},{"@type":"WebSite","@id":"https:\/\/nahuelproducciones.com.ar\/radioquijano\/#website","url":"https:\/\/nahuelproducciones.com.ar\/radioquijano\/","name":"RQ 99.9","description":"Radio Quijano 99.9 MHz","potentialAction":[{"@type":"SearchAction","target":{"@type":"EntryPoint","urlTemplate":"https:\/\/nahuelproducciones.com.ar\/radioquijano\/?s={search_term_string}"},"query-input":"required name=search_term_string"}],"inLanguage":"es"}]}},"_links":{"self":[{"href":"https:\/\/nahuelproducciones.com.ar\/radioquijano\/wp-json\/wp\/v2\/pages\/9952","targetHints":{"allow":["GET"]}}],"collection":[{"href":"https:\/\/nahuelproducciones.com.ar\/radioquijano\/wp-json\/wp\/v2\/pages"}],"about":[{"href":"https:\/\/nahuelproducciones.com.ar\/radioquijano\/wp-json\/wp\/v2\/types\/page"}],"author":[{"embeddable":true,"href":"https:\/\/nahuelproducciones.com.ar\/radioquijano\/wp-json\/wp\/v2\/users\/8"}],"replies":[{"embeddable":true,"href":"https:\/\/nahuelproducciones.com.ar\/radioquijano\/wp-json\/wp\/v2\/comments?post=9952"}],"version-history":[{"count":1,"href":"https:\/\/nahuelproducciones.com.ar\/radioquijano\/wp-json\/wp\/v2\/pages\/9952\/revisions"}],"predecessor-version":[{"id":9955,"href":"https:\/\/nahuelproducciones.com.ar\/radioquijano\/wp-json\/wp\/v2\/pages\/9952\/revisions\/9955"}],"wp:featuredmedia":[{"embeddable":true,"href":"https:\/\/nahuelproducciones.com.ar\/radioquijano\/wp-json\/wp\/v2\/media\/9953"}],"wp:attachment":[{"href":"https:\/\/nahuelproducciones.com.ar\/radioquijano\/wp-json\/wp\/v2\/media?parent=9952"}],"curies":[{"name":"wp","href":"https:\/\/api.w.org\/{rel}","templated":true}]}}